{"id":45,"date":"2018-07-01T10:22:10","date_gmt":"2018-07-01T10:22:10","guid":{"rendered":"http:\/\/www.marinaelsaesser.ch\/?page_id=45"},"modified":"2023-02-01T14:38:28","modified_gmt":"2023-02-01T14:38:28","slug":"tarife","status":"publish","type":"page","link":"https:\/\/www.marinaelsaesser.ch\/?page_id=45","title":{"rendered":"Tarife"},"content":{"rendered":"<p>Der Tarif f\u00fcr eine psychotherapeutische Sitzung oder eine psychologische Beratung betr\u00e4gt 180 CHF f\u00fcr 60 Minuten f\u00fcr <strong>SelbstzahlerInnen. <\/strong>Darin sind \u00fcbliche Vor- und Nachbereitung der Einheit enthalten. Weitere Leistungen werden\u00a0separat verrechnet.<\/p>\n<p>Die Therapiekosten der psychologischen Psychotherapie\u00a0k\u00f6nnen seit Juli 2022<strong>\u00a0<\/strong>auch zulasten der <strong>Obligatorischen Krankenpflegeversicherung (OKP)<\/strong> fallen. Die Voraussetzungen daf\u00fcr m\u00fcssen durch Ihre behandelnden Haus\u00e4rztin \/ Ihren behandelnden Hausarzt abgekl\u00e4rt werden. <a href=\"https:\/\/www.marinaelsaesser.ch\/wp-content\/uploads\/2023\/02\/anordnung_psychologische_psychotherapie_Elsaesser.pdf\">Hier<\/a> finden Sie das Dokument f\u00fcr die \u00e4rztliche Anordnung f\u00fcr Ihre behandelnde Haus\u00e4rztin \/ Ihren behandelnden Hausarzt.<\/p>\n<p>Die Therapiekosten der psychologischen Psychotherapie oder die psychologische Beratung k\u00f6nnen auch in einigen F\u00e4llen durch <strong>Zusatzversicherungen<\/strong> gedeckt werden. Bitte wenden Sie sich an Ihre Zusatzversicherung.<\/p>\n<p><strong>Termine k\u00f6nnen bis 24 Stunden vor dem vereinbarten Termin ohne Kosten abgesagt werden. <\/strong><\/p>\n<p>Bei kurzfristigen Absagen werden CHF 50 in Rechnung gestellt.<\/p>\n<p>Bei Nichterscheinen und sich Nichtmelden wird der volle Ansatz 180 CHF berechnet.<\/p>\n","protected":false},"excerpt":{"rendered":"<p>Der Tarif f\u00fcr eine psychotherapeutische Sitzung oder eine psychologische Beratung betr\u00e4gt 180 CHF f\u00fcr 60 Minuten f\u00fcr SelbstzahlerInnen. Darin sind \u00fcbliche Vor- und Nachbereitung der Einheit enthalten. Weitere Leistungen werden\u00a0separat verrechnet. Die Therapiekosten der psychologischen Psychotherapie\u00a0k\u00f6nnen seit Juli 2022\u00a0auch zulasten &hellip; <a href=\"https:\/\/www.marinaelsaesser.ch\/?page_id=45\">Weiterlesen <span class=\"meta-nav\">&rarr;<\/span><\/a><\/p>\n","protected":false},"author":1,"featured_media":0,"parent":0,"menu_order":0,"comment_status":"closed","ping_status":"closed","template":"","meta":[],"_links":{"self":[{"href":"https:\/\/www.marinaelsaesser.ch\/index.php?rest_route=\/wp\/v2\/pages\/45"}],"collection":[{"href":"https:\/\/www.marinaelsaesser.ch\/index.php?rest_route=\/wp\/v2\/pages"}],"about":[{"href":"https:\/\/www.marinaelsaesser.ch\/index.php?rest_route=\/wp\/v2\/types\/page"}],"author":[{"embeddable":true,"href":"https:\/\/www.marinaelsaesser.ch\/index.php?rest_route=\/wp\/v2\/users\/1"}],"replies":[{"embeddable":true,"href":"https:\/\/www.marinaelsaesser.ch\/index.php?rest_route=%2Fwp%2Fv2%2Fcomments&post=45"}],"version-history":[{"count":4,"href":"https:\/\/www.marinaelsaesser.ch\/index.php?rest_route=\/wp\/v2\/pages\/45\/revisions"}],"predecessor-version":[{"id":420,"href":"https:\/\/www.marinaelsaesser.ch\/index.php?rest_route=\/wp\/v2\/pages\/45\/revisions\/420"}],"wp:attachment":[{"href":"https:\/\/www.marinaelsaesser.ch\/index.php?rest_route=%2Fwp%2Fv2%2Fmedia&parent=45"}],"curies":[{"name":"wp","href":"https:\/\/api.w.org\/{rel}","templated":true}]}}