{"id":74,"date":"2018-08-05T10:19:50","date_gmt":"2018-08-05T10:19:50","guid":{"rendered":"http:\/\/www.marinaelsaesser.ch\/?page_id=74"},"modified":"2018-09-23T19:01:57","modified_gmt":"2018-09-23T19:01:57","slug":"im-notfall","status":"publish","type":"page","link":"https:\/\/www.marinaelsaesser.ch\/?page_id=74","title":{"rendered":"Im Notfall"},"content":{"rendered":"<div class=\"o-flex\">\n<div class=\"cell-3of4\">In lebensbedrohlichen Situationen w\u00e4hlen Sie bitte immer direkt den Sanit\u00e4tsnotruf unter der Telefonnummer<\/div>\n<div class=\"cell-1of4 text-align-right\"><strong><a href=\"tel:+41144\">144<\/a><\/strong><\/div>\n<\/div>\n<div class=\"o-flex\">\n<div class=\"cell-3of4\">Bei psychischen Notf\u00e4llen k\u00f6nnen Sie folgende Dienste kontaktieren, welche 24 Stunden pro Tag, 7 Tage in der Woche f\u00fcr Sie da sind:<\/div>\n<div class=\"cell-3of4\">Medizinische Notrufzentrale<\/div>\n<div class=\"cell-1of4 text-align-right\"><a href=\"tel:+41612611515\">061 261 15 15<\/a><\/div>\n<div class=\"cell-3of4\">Zentrale Aufnahme Psychiatrie Baselland, Liestal<\/div>\n<div class=\"cell-1of4 text-align-right\"><a href=\"tel:+41615535656\">061 553 56 56<\/a><\/div>\n<div class=\"cell-3of4\">Zentrale Aufnahme Universit\u00e4re Psychiatrische Kliniken, Basel<\/div>\n<div class=\"cell-1of4 text-align-right\"><a href=\"tel:+41613255100\">061 325 51 00<\/a><\/div>\n<\/div>\n<div class=\"o-flex\">\n<div class=\"cell-3of4\">In psychischen Krisensituationen k\u00f6nnen Sie zu Gesch\u00e4ftszeiten auch hier rasch einen Gespr\u00e4chstermin erhalten:<\/div>\n<div class=\"cell-3of4\">Gesundheitszentrum Kornhausgasse, Basel<\/div>\n<div class=\"cell-1of4 text-align-right\"><a href=\"tel:+41613258181\">061 325 81 81<\/a><\/div>\n<div class=\"cell-1of1\">(\u00d6ffnungszeiten: Montag bis Freitag, 8 Uhr &#8211; 16 Uhr Ausserhalb der \u00d6ffnungszeiten: via Universit\u00e4re Psychiatrische Kliniken 061 325 51 00)<\/div>\n<\/div>\n","protected":false},"excerpt":{"rendered":"<p>In lebensbedrohlichen Situationen w\u00e4hlen Sie bitte immer direkt den Sanit\u00e4tsnotruf unter der Telefonnummer 144 Bei psychischen Notf\u00e4llen k\u00f6nnen Sie folgende Dienste kontaktieren, welche 24 Stunden pro Tag, 7 Tage in der Woche f\u00fcr Sie da sind: Medizinische Notrufzentrale 061 261 &hellip; <a href=\"https:\/\/www.marinaelsaesser.ch\/?page_id=74\">Weiterlesen <span class=\"meta-nav\">&rarr;<\/span><\/a><\/p>\n","protected":false},"author":1,"featured_media":0,"parent":0,"menu_order":0,"comment_status":"closed","ping_status":"closed","template":"","meta":[],"_links":{"self":[{"href":"https:\/\/www.marinaelsaesser.ch\/index.php?rest_route=\/wp\/v2\/pages\/74"}],"collection":[{"href":"https:\/\/www.marinaelsaesser.ch\/index.php?rest_route=\/wp\/v2\/pages"}],"about":[{"href":"https:\/\/www.marinaelsaesser.ch\/index.php?rest_route=\/wp\/v2\/types\/page"}],"author":[{"embeddable":true,"href":"https:\/\/www.marinaelsaesser.ch\/index.php?rest_route=\/wp\/v2\/users\/1"}],"replies":[{"embeddable":true,"href":"https:\/\/www.marinaelsaesser.ch\/index.php?rest_route=%2Fwp%2Fv2%2Fcomments&post=74"}],"version-history":[{"count":13,"href":"https:\/\/www.marinaelsaesser.ch\/index.php?rest_route=\/wp\/v2\/pages\/74\/revisions"}],"predecessor-version":[{"id":381,"href":"https:\/\/www.marinaelsaesser.ch\/index.php?rest_route=\/wp\/v2\/pages\/74\/revisions\/381"}],"wp:attachment":[{"href":"https:\/\/www.marinaelsaesser.ch\/index.php?rest_route=%2Fwp%2Fv2%2Fmedia&parent=74"}],"curies":[{"name":"wp","href":"https:\/\/api.w.org\/{rel}","templated":true}]}}